{"id":16768,"date":"2022-07-26T07:20:46","date_gmt":"2022-07-26T07:20:46","guid":{"rendered":"https:\/\/www.cechstrzelceopolskie.pl\/?page_id=16768"},"modified":"2022-07-26T07:20:46","modified_gmt":"2022-07-26T07:20:46","slug":"czas-pracy-i-urlopy-mlodocianego-pracownika","status":"publish","type":"page","link":"https:\/\/www.cechstrzelceopolskie.pl\/index.php\/czas-pracy-i-urlopy-mlodocianego-pracownika\/","title":{"rendered":"Czas pracy i urlopy m\u0142odocianego pracownika"},"content":{"rendered":"\n<ul class=\"wp-block-list\"><li>do uko\u0144czenia 16 roku \u017cycia m\u0142odociany pracuje 6 godzin na dob\u0119,<\/li><li>po uko\u0144czeniu 16 roku \u017cycia m\u0142odociany pracuje 8 godzin na dob\u0119,<\/li><li>m\u0142odocianemu przys\u0142uguje przerwa w pracy trwaj\u0105ca nieprzerwanie 30 minut, je\u015bli dobowy wymiar czasu pracy jest d\u0142u\u017cszy ni\u017c 4,5 godziny (przerwa wliczana jest do czasu pracy),<\/li><li>m\u0142odocianemu przys\u0142uguje prawo do co najmniej 48 godzin nieprzerwanego odpoczynku, kt\u00f3ry powinien obejmowa\u0107 niedziel\u0119,<\/li><li>m\u0142odocianego pracownika nie wolno zatrudnia\u0107 w godzinach nadliczbowych ani w porze nocnej,<\/li><li>przerwa w pracy m\u0142odocianego pracownika powinna trwa\u0107 nieprzerwanie nie mniej ni\u017c 14 godzin.<\/li><\/ul>\n\n\n\n<p><strong>M\u0142odociany pracownik uzyskuje prawo do urlopu wypoczynkowego z up\u0142ywem:<\/strong><\/p>\n\n\n\n<ul class=\"wp-block-list\"><li>6 miesi\u0119cy od rozpocz\u0119cia pierwszej pracy w wymiarze 12 dni roboczych;<\/li><li>Roku pracy \u2013 w wymiarze 26 dni roboczych.<\/li><\/ul>\n\n\n\n<p>Prawo do kolejnego urlopu m\u0142odociany nabywa w ka\u017cdym nast\u0119pnym roku kalendarzowym. W roku kalendarzowym, w kt\u00f3rym m\u0142odociany ko\u0144czy 18 lat, ma on prawo do urlopu w wymiarze 20 dni roboczych, je\u017celi prawo do urlopu uzyska\u0142 przed uko\u0144czeniem 18 lat.<\/p>\n\n\n\n<p><strong>Udzielanie urlop\u00f3w wypoczynkowych:<\/strong><\/p>\n\n\n\n<ul class=\"wp-block-list\"><li>M\u0142odocianemu ucz\u0119szczaj\u0105cemu do szko\u0142y nale\u017cy udzieli\u0107 urlopu w okresie ferii szkolnych;<\/li><li>M\u0142odocianemu, kt\u00f3ry nie naby\u0142 prawa do urlopu (w pierwszym roku nauki), pracodawca mo\u017ce, na jego wniosek, udzieli\u0107 urlopu zaliczkowo w okresie ferii szkolnych.<\/li><\/ul>\n\n\n\n<p><strong>Urlop bezp\u0142atny:<\/strong><\/p>\n\n\n\n<p>Na wniosek m\u0142odocianego, ucznia zasadniczej szko\u0142y zawodowej, pracodawca obowi\u0105zany jest udzieli\u0107 mu w okresie ferii szkolnych urlopu bezp\u0142atnego w wymiarze nieprzekraczaj\u0105cym \u0142\u0105cznie z urlopem wypoczynkowym 2 miesi\u0119cy. Okres urlopu bezp\u0142atnego wlicza si\u0119 do okresu pracy, od kt\u00f3rego zale\u017c\u0105 uprawnienia pracownicze.<br><em>Kodeks Pracy, Rozdzia\u0142 V, Art. 205.<\/em><\/p>\n","protected":false},"excerpt":{"rendered":"<p>do uko\u0144czenia 16 roku \u017cycia m\u0142odociany pracuje 6 godzin na dob\u0119, po uko\u0144czeniu 16 roku \u017cycia m\u0142odociany pracuje 8 godzin na dob\u0119, m\u0142odocianemu przys\u0142uguje przerwa w pracy trwaj\u0105ca nieprzerwanie 30 minut, je\u015bli dobowy wymiar czasu pracy jest d\u0142u\u017cszy ni\u017c 4,5 godziny (przerwa wliczana jest do czasu pracy), m\u0142odocianemu przys\u0142uguje prawo do co najmniej 48 godzin [&hellip;]<\/p>\n","protected":false},"author":1,"featured_media":0,"parent":0,"menu_order":0,"comment_status":"closed","ping_status":"closed","template":"","meta":{"_monsterinsights_skip_tracking":false,"_monsterinsights_sitenote_active":false,"_monsterinsights_sitenote_note":"","_monsterinsights_sitenote_category":0,"pgc_sgb_lightbox_settings":"","footnotes":""},"class_list":["post-16768","page","type-page","status-publish","hentry"],"_links":{"self":[{"href":"https:\/\/www.cechstrzelceopolskie.pl\/index.php\/wp-json\/wp\/v2\/pages\/16768","targetHints":{"allow":["GET"]}}],"collection":[{"href":"https:\/\/www.cechstrzelceopolskie.pl\/index.php\/wp-json\/wp\/v2\/pages"}],"about":[{"href":"https:\/\/www.cechstrzelceopolskie.pl\/index.php\/wp-json\/wp\/v2\/types\/page"}],"author":[{"embeddable":true,"href":"https:\/\/www.cechstrzelceopolskie.pl\/index.php\/wp-json\/wp\/v2\/users\/1"}],"replies":[{"embeddable":true,"href":"https:\/\/www.cechstrzelceopolskie.pl\/index.php\/wp-json\/wp\/v2\/comments?post=16768"}],"version-history":[{"count":1,"href":"https:\/\/www.cechstrzelceopolskie.pl\/index.php\/wp-json\/wp\/v2\/pages\/16768\/revisions"}],"predecessor-version":[{"id":16769,"href":"https:\/\/www.cechstrzelceopolskie.pl\/index.php\/wp-json\/wp\/v2\/pages\/16768\/revisions\/16769"}],"wp:attachment":[{"href":"https:\/\/www.cechstrzelceopolskie.pl\/index.php\/wp-json\/wp\/v2\/media?parent=16768"}],"curies":[{"name":"wp","href":"https:\/\/api.w.org\/{rel}","templated":true}]}}