{"id":16773,"date":"2022-07-26T07:26:17","date_gmt":"2022-07-26T07:26:17","guid":{"rendered":"https:\/\/www.cechstrzelceopolskie.pl\/?page_id=16773"},"modified":"2022-07-26T07:26:17","modified_gmt":"2022-07-26T07:26:17","slug":"urlopy","status":"publish","type":"page","link":"https:\/\/www.cechstrzelceopolskie.pl\/index.php\/urlopy\/","title":{"rendered":"Urlopy"},"content":{"rendered":"\n<p>Wymiar urlopu wypoczynkowego m\u0142odocianego&nbsp;nie jest zale\u017cny od sta\u017cu pracy&nbsp;i wynosi w roku kalendarzowym 26 dni roboczych niezale\u017cnie od dodatkowych dni wolnych od pracy.<\/p>\n\n\n\n<ul class=\"wp-block-list\"><li>w pierwszym roku nauki przys\u0142uguje 38 dni roboczych (12 dni urlopu po 6 miesi\u0105cach pracy oraz 26 dni urlopu po przepracowaniu roku)<\/li><li>z up\u0142ywem roku pracy m\u0142odociany uzyskuje prawo do urlopu w wymiarze 26 dni<\/li><li>z chwil\u0105 uko\u0144czenia 18 lat, je\u017celi prawo do&nbsp;urlopu&nbsp;m\u0142odociany uzyska\u0142 przed uko\u0144czeniem 18 lat, wymiar urlopu w tym roku kalendarzowym ulega zmniejszeniu do 20 dni (wykorzystanie urlopu wcze\u015bniej, przed uko\u0144czeniem 18 lat, w wymiarze 26 dni roboczych mo\u017cliwe jest za zgod\u0105 pracodawcy, poniewa\u017c to on udziela urlopu).<\/li><li>m\u0142odocianemu ucz\u0119szczaj\u0105cemu do szko\u0142y nale\u017cy udzieli\u0107 urlopu w okresie ferii szkolnych<\/li><li>m\u0142odociany ma prawo ubiega\u0107 si\u0119 o urlop bezp\u0142atny (ale nie wi\u0119cej ni\u017c 2 miesi\u0105ce \u0142\u0105cznie z urlopem wypoczynkowym, je\u017celi jest uczniem szko\u0142y)<\/li><\/ul>\n","protected":false},"excerpt":{"rendered":"<p>Wymiar urlopu wypoczynkowego m\u0142odocianego&nbsp;nie jest zale\u017cny od sta\u017cu pracy&nbsp;i wynosi w roku kalendarzowym 26 dni roboczych niezale\u017cnie od dodatkowych dni wolnych od pracy. w pierwszym roku nauki przys\u0142uguje 38 dni roboczych (12 dni urlopu po 6 miesi\u0105cach pracy oraz 26 dni urlopu po przepracowaniu roku) z up\u0142ywem roku pracy m\u0142odociany uzyskuje prawo do urlopu w [&hellip;]<\/p>\n","protected":false},"author":1,"featured_media":0,"parent":0,"menu_order":0,"comment_status":"closed","ping_status":"closed","template":"","meta":{"_monsterinsights_skip_tracking":false,"_monsterinsights_sitenote_active":false,"_monsterinsights_sitenote_note":"","_monsterinsights_sitenote_category":0,"pgc_sgb_lightbox_settings":"","footnotes":""},"class_list":["post-16773","page","type-page","status-publish","hentry"],"_links":{"self":[{"href":"https:\/\/www.cechstrzelceopolskie.pl\/index.php\/wp-json\/wp\/v2\/pages\/16773","targetHints":{"allow":["GET"]}}],"collection":[{"href":"https:\/\/www.cechstrzelceopolskie.pl\/index.php\/wp-json\/wp\/v2\/pages"}],"about":[{"href":"https:\/\/www.cechstrzelceopolskie.pl\/index.php\/wp-json\/wp\/v2\/types\/page"}],"author":[{"embeddable":true,"href":"https:\/\/www.cechstrzelceopolskie.pl\/index.php\/wp-json\/wp\/v2\/users\/1"}],"replies":[{"embeddable":true,"href":"https:\/\/www.cechstrzelceopolskie.pl\/index.php\/wp-json\/wp\/v2\/comments?post=16773"}],"version-history":[{"count":1,"href":"https:\/\/www.cechstrzelceopolskie.pl\/index.php\/wp-json\/wp\/v2\/pages\/16773\/revisions"}],"predecessor-version":[{"id":16774,"href":"https:\/\/www.cechstrzelceopolskie.pl\/index.php\/wp-json\/wp\/v2\/pages\/16773\/revisions\/16774"}],"wp:attachment":[{"href":"https:\/\/www.cechstrzelceopolskie.pl\/index.php\/wp-json\/wp\/v2\/media?parent=16773"}],"curies":[{"name":"wp","href":"https:\/\/api.w.org\/{rel}","templated":true}]}}