{"id":16792,"date":"2022-07-26T07:47:35","date_gmt":"2022-07-26T07:47:35","guid":{"rendered":"https:\/\/www.cechstrzelceopolskie.pl\/?page_id=16792"},"modified":"2022-07-26T07:47:35","modified_gmt":"2022-07-26T07:47:35","slug":"oplata-za-egzamin-mistrzowski","status":"publish","type":"page","link":"https:\/\/www.cechstrzelceopolskie.pl\/index.php\/oplata-za-egzamin-mistrzowski\/","title":{"rendered":"Op\u0142ata za egzamin mistrzowski"},"content":{"rendered":"\n<p>Op\u0142aty za egzaminy nale\u017cy uiszcza\u0107 w kasie Izby Rzemie\u015blniczej w Opolu lub na poni\u017cszy rachunek bankowy.<br><strong>Santander Consumer Bank<\/strong><br><strong>70 1090 2141 0000 0001 2030 3568<\/strong><br>Dane w\u0142a\u015bciciela rachunku:<br><strong>Izba Rzemie\u015blnicza w Opolu<br>ul. Katowicka 55<br>45-061 Opole<\/strong><\/p>\n\n\n\n<p>W tytule przelewu prosimy poda\u0107 za co dokonywana jest wp\u0142ata, imi\u0119 i nazwisko ucznia oraz NIP firmy na kt\u00f3r\u0105 ma zosta\u0107 wystawiona faktura.<br><strong>Przyk\u0142ad:<\/strong>&nbsp;Op\u0142ata za egzamin czeladniczy, Jan Kowalski, NIP 754-034-02-52<\/p>\n\n\n\n<p>Izba Rzemie\u015blnicza w Opolu informuje, \u017ce w zwi\u0105zku z wej\u015bciem od 1 maja 2019 roku rozporz\u0105dzenia dotycz\u0105cego kas fiskalnych, przelew op\u0142aty za egzamin czeladniczy\/mistrzowski lub sprawdzaj\u0105cy na konto Izby musi by\u0107 bezzw\u0142ocznie poprzedzony z\u0142o\u017ceniem wniosku o dopuszczenie do egzaminu. Odwrotna kolejno\u015b\u0107 tj. najpierw wp\u0142ata, a po pewnym czasie dostarczenie wniosku rodzi\u0107 b\u0119dzie niepotrzebne problemy. Dzi\u0119kujemy za zrozumienie i dostosowanie si\u0119 do naszej pro\u015bby.&nbsp;<\/p>\n\n\n\n<p><br><strong>Stawki op\u0142at za egzaminy w 2022 roku wynosz\u0105:<\/strong><br><strong>&#8211; egzamin mistrzowski &#8211; 1521,43 z\u0142<\/strong><br><strong>&#8211; egzamin mistrzowski (poprawka) &#8211; 760,71 z\u0142<\/strong><\/p>\n","protected":false},"excerpt":{"rendered":"<p>Op\u0142aty za egzaminy nale\u017cy uiszcza\u0107 w kasie Izby Rzemie\u015blniczej w Opolu lub na poni\u017cszy rachunek bankowy.Santander Consumer Bank70 1090 2141 0000 0001 2030 3568Dane w\u0142a\u015bciciela rachunku:Izba Rzemie\u015blnicza w Opoluul. Katowicka 5545-061 Opole W tytule przelewu prosimy poda\u0107 za co dokonywana jest wp\u0142ata, imi\u0119 i nazwisko ucznia oraz NIP firmy na kt\u00f3r\u0105 ma zosta\u0107 wystawiona faktura.Przyk\u0142ad:&nbsp;Op\u0142ata [&hellip;]<\/p>\n","protected":false},"author":1,"featured_media":0,"parent":0,"menu_order":0,"comment_status":"closed","ping_status":"closed","template":"","meta":{"_monsterinsights_skip_tracking":false,"_monsterinsights_sitenote_active":false,"_monsterinsights_sitenote_note":"","_monsterinsights_sitenote_category":0,"pgc_sgb_lightbox_settings":"","footnotes":""},"class_list":["post-16792","page","type-page","status-publish","hentry"],"_links":{"self":[{"href":"https:\/\/www.cechstrzelceopolskie.pl\/index.php\/wp-json\/wp\/v2\/pages\/16792","targetHints":{"allow":["GET"]}}],"collection":[{"href":"https:\/\/www.cechstrzelceopolskie.pl\/index.php\/wp-json\/wp\/v2\/pages"}],"about":[{"href":"https:\/\/www.cechstrzelceopolskie.pl\/index.php\/wp-json\/wp\/v2\/types\/page"}],"author":[{"embeddable":true,"href":"https:\/\/www.cechstrzelceopolskie.pl\/index.php\/wp-json\/wp\/v2\/users\/1"}],"replies":[{"embeddable":true,"href":"https:\/\/www.cechstrzelceopolskie.pl\/index.php\/wp-json\/wp\/v2\/comments?post=16792"}],"version-history":[{"count":1,"href":"https:\/\/www.cechstrzelceopolskie.pl\/index.php\/wp-json\/wp\/v2\/pages\/16792\/revisions"}],"predecessor-version":[{"id":16793,"href":"https:\/\/www.cechstrzelceopolskie.pl\/index.php\/wp-json\/wp\/v2\/pages\/16792\/revisions\/16793"}],"wp:attachment":[{"href":"https:\/\/www.cechstrzelceopolskie.pl\/index.php\/wp-json\/wp\/v2\/media?parent=16792"}],"curies":[{"name":"wp","href":"https:\/\/api.w.org\/{rel}","templated":true}]}}