{"id":16804,"date":"2022-07-26T08:21:14","date_gmt":"2022-07-26T08:21:14","guid":{"rendered":"https:\/\/www.cechstrzelceopolskie.pl\/?page_id=16804"},"modified":"2022-07-26T08:21:14","modified_gmt":"2022-07-26T08:21:14","slug":"wymagane-dokumenty-do-egzaminu-czeladniczego-2","status":"publish","type":"page","link":"https:\/\/www.cechstrzelceopolskie.pl\/index.php\/wymagane-dokumenty-do-egzaminu-czeladniczego-2\/","title":{"rendered":"Wymagane dokumenty do egzaminu czeladniczego"},"content":{"rendered":"\n<p><em>W zwi\u0105zku z przetwarzaniem danych osobowych w zakresie przeprowadzania egzaminu poni\u017cej zamieszczamy do wiadomo\u015bci klauzul\u0119 informacyjn\u0105 w zakresie egzaminu czeladniczego<\/em><\/p>\n\n\n\n<p><strong>Wymagane dokumenty do egzaminu czeladniczego<\/strong><\/p>\n\n\n\n<ol class=\"wp-block-list\"><li>Wniosek o dopuszczenie do egzaminu czeladniczego<\/li><li>Fotografia (aktualna, czytelnie podpisana, format 36&#215;45)<\/li><li>Orygina\u0142 dowodu op\u0142aty egzaminacyjnej z podaniem imienia i nazwiska zdaj\u0105cego, dokonanej wy\u0142\u0105cznie na podany rachunek bankowy<\/li><li>Zgoda rodzica lub opiekuna prawnego w przypadku niepe\u0142noletnich kandydat\u00f3w do egzamin\u00f3w<\/li><\/ol>\n\n\n\n<p><strong><u>M\u0142odociani pracownicy<\/u><\/strong><\/p>\n\n\n\n<ol class=\"wp-block-list\"><li>\u015awiadectwo uko\u0144czenia zasadniczej szko\u0142y zawodowej, lub uko\u0144czenia gimnazjum albo o\u015bmioletniej szko\u0142y podstawowej i za\u015bwiadczenie o uko\u0144czeniu kursu przygotowuj\u0105cego do egzaminu lub o\u015bwiadczenie mistrza szkol\u0105cego o przygotowaniu teoretycznym kandydata do egzaminu.<\/li><li>Umowa o prac\u0119 w celu przygotowania zawodowego wraz z za\u015bwiadczeniem uko\u0144czenia nauki zawodu wystawionym przez pracodawc\u0119 i potwierdzonym przez cech (je\u017celi pracodawca jest cz\u0142onkiem cechu)<\/li><li>W przypadku zaliczenia nauki zawodu u kilku pracodawc\u00f3w nale\u017cy do\u0142\u0105czy\u0107 wszystkie umowy o prac\u0119 wraz z \u015bwiadectwami pracy, a w przypadku zaliczenia nauki w szkole &#8211; za\u015bwiadczenie o okresie nauki zawodu.<\/li><\/ol>\n\n\n\n<p><strong>Koszty egzaminu w pierwszym wyznaczonym terminie pokrywa pracodawca.<\/strong><\/p>\n\n\n\n<p><strong><u>Kandydaci z wolnego naboru:<\/u><\/strong><\/p>\n\n\n\n<ol class=\"wp-block-list\"><li>Dokument(y) potwierdzaj\u0105cy(e) wymagany okres wykonywania zawodu. W przypadku prowadzenia dzia\u0142alno\u015bci gospodarczej dodatkowo dokument wskazuj\u0105cy NIP lub REGON w celu wpisania do CEIDG informacji o uzyskanym \u015bwiadectwie czeladniczym. Okres wykonywania zawodu mo\u017cna udokumentowa\u0107 za\u015bwiadczeniem o zatrudnieniu, \u015bwiadectwami pracy lub wypisem z ewidencji dzia\u0142alno\u015bci gospodarczej. W przypadku, gdy sk\u0142adane dokumenty nie potwierdzaj\u0105 jednoznacznie wykonywania zawodu nale\u017cy z\u0142o\u017cy\u0107 o\u015bwiadczenie potwierdzaj\u0105ce wymagany okres wykonywania zawodu.<\/li><li>\u015awiadectwo uko\u0144czenia szko\u0142y.<\/li><li>Za\u015bwiadczenie uko\u0144czenia przygotowania zawodowego doros\u0142ych.<\/li><li>Tytu\u0142 zawodowy w zawodzie wchodz\u0105cym w zakres zawodu, w kt\u00f3rym osoba zdaje egzamin.<\/li><li>\u015awiadectwo uzyskania co najmniej jednej kwalifikacji w zawodzie, w kt\u00f3rym osoba zdaje egzamin lub za\u015bwiadczenie zdania egzaminu sprawdzaj\u0105cego po uko\u0144czeniu przygotowania\u00a0 zawodowego doros\u0142ych.<\/li><\/ol>\n","protected":false},"excerpt":{"rendered":"<p>W zwi\u0105zku z przetwarzaniem danych osobowych w zakresie przeprowadzania egzaminu poni\u017cej zamieszczamy do wiadomo\u015bci klauzul\u0119 informacyjn\u0105 w zakresie egzaminu czeladniczego Wymagane dokumenty do egzaminu czeladniczego Wniosek o dopuszczenie do egzaminu czeladniczego Fotografia (aktualna, czytelnie podpisana, format 36&#215;45) Orygina\u0142 dowodu op\u0142aty egzaminacyjnej z podaniem imienia i nazwiska zdaj\u0105cego, dokonanej wy\u0142\u0105cznie na podany rachunek bankowy Zgoda rodzica [&hellip;]<\/p>\n","protected":false},"author":1,"featured_media":0,"parent":0,"menu_order":0,"comment_status":"closed","ping_status":"closed","template":"","meta":{"_monsterinsights_skip_tracking":false,"_monsterinsights_sitenote_active":false,"_monsterinsights_sitenote_note":"","_monsterinsights_sitenote_category":0,"pgc_sgb_lightbox_settings":"","footnotes":""},"class_list":["post-16804","page","type-page","status-publish","hentry"],"_links":{"self":[{"href":"https:\/\/www.cechstrzelceopolskie.pl\/index.php\/wp-json\/wp\/v2\/pages\/16804","targetHints":{"allow":["GET"]}}],"collection":[{"href":"https:\/\/www.cechstrzelceopolskie.pl\/index.php\/wp-json\/wp\/v2\/pages"}],"about":[{"href":"https:\/\/www.cechstrzelceopolskie.pl\/index.php\/wp-json\/wp\/v2\/types\/page"}],"author":[{"embeddable":true,"href":"https:\/\/www.cechstrzelceopolskie.pl\/index.php\/wp-json\/wp\/v2\/users\/1"}],"replies":[{"embeddable":true,"href":"https:\/\/www.cechstrzelceopolskie.pl\/index.php\/wp-json\/wp\/v2\/comments?post=16804"}],"version-history":[{"count":1,"href":"https:\/\/www.cechstrzelceopolskie.pl\/index.php\/wp-json\/wp\/v2\/pages\/16804\/revisions"}],"predecessor-version":[{"id":16805,"href":"https:\/\/www.cechstrzelceopolskie.pl\/index.php\/wp-json\/wp\/v2\/pages\/16804\/revisions\/16805"}],"wp:attachment":[{"href":"https:\/\/www.cechstrzelceopolskie.pl\/index.php\/wp-json\/wp\/v2\/media?parent=16804"}],"curies":[{"name":"wp","href":"https:\/\/api.w.org\/{rel}","templated":true}]}}